{"id":55,"date":"2017-09-01T15:05:28","date_gmt":"2017-09-01T13:05:28","guid":{"rendered":"http:\/\/aurigasa.cyon.link\/webpage\/?page_id=55"},"modified":"2017-11-20T21:20:26","modified_gmt":"2017-11-20T20:20:26","slug":"anreise","status":"publish","type":"page","link":"https:\/\/www.auriga-saasfee.ch\/fr\/anreise\/","title":{"rendered":"Arriv\u00e9e"},"content":{"rendered":"<p><strong>Prenez les transports publics et gagnez du temps gr\u00e2ce au nouveau tunnel de base du L\u00f6tschberg!<\/strong><\/p>\n<h2>TRAIN \/ CAR POSTAL<\/h2>\n<p>Les gares les plus proches se trouvent \u00e0 Brigue ou \u00e0 Vi\u00e8ge. De l\u00e0, des services de cars postaux vous conduisent directement \u00e0 Saas-Fee, la station sans voiture (environ 1 heure de route). Il y a des d\u00e9parts toutes les heures, jusqu\u2019\u00e0 22h28 depuis Brigue et jusqu\u2019\u00e0 23h40 depuis Vi\u00e8ge.<\/p>\n<p>Vous pouvez laisser vos bagages au guichet \u00e0 votre arriv\u00e9e et les r\u00e9cup\u00e9rer \u00e0 la Poste pr\u00e8s de la gare routi\u00e8re \u00e0 Saas-Fee<\/p>\n<h2>VOITURE<\/h2>\n<p>Si vous venez du nord, passez par Berne et par le tunnel du L\u00f6tschberg (train-auto), empruntez le col de la Furka (ou le train-auto) si vous venez de l\u2019est, et enfin passez par le col du Simplon si vous venez du sud. Si vous arrivez de l\u2019ouest de la Suisse, vous atteindrez la vall\u00e9e de Saas via Lausanne en longeant la vall\u00e9e du Rh\u00f4ne jusqu\u2019\u00e0 Vi\u00e8ge.<\/p>\n<h2>TRAIN-AUTO L\u00d6TSCHBERG<\/h2>\n<p><strong>Samedi &#8211; jeudi et jours f\u00e9ri\u00e9s<\/strong><br \/>\nKandersteg (c\u00f4t\u00e9 nord): 05h50 \u2013 21h50 toutes les 30 minutes, 22h50 et 23h50<br \/>\nGoppenstein (c\u00f4t\u00e9 sud): 05h50 \u2013 22h20 toutes les 30 minutes, derniere train 23h20<br \/>\n<strong>Freitag<\/strong><br \/>\nKandersteg (c\u00f4t\u00e9 nord): 05h50 \u2013 22h50 toutes les 30 minutes, derniere train 23h50<br \/>\nGoppenstein (c\u00f4t\u00e9 sud): 05h50 \u2013 23h20 toutes les 30 minutes,<\/p>\n<h2>TRAIN AUTO TUNNEL DE LA FURKA<\/h2>\n<p><strong>Freitag &#8211; Montag<\/strong><br \/>\nAu d\u00e9part de Realp: <span class=\"td-content\">tous les jours de 06h05, 06h35 \u00e0 raison d\u2019un train toutes les 30 minutes \u00e0 22h05<\/span><br \/>\nAu d\u00e9part d\u2019Oberwald: tous les jours de <span class=\"td-content\">05h35, 06h05 \u00e0 raison d\u2019un train toutes les 30 minutes \u00e0 21h35<\/span><br \/>\n<strong>Dienstag &#8211; Donnerstag<\/strong><br \/>\nAu d\u00e9part de Realp: tous les jours de <span class=\"td-content\">06.05, 07.05 Uhr \u00e0 raison d\u2019un train toutes les 60 minutes \u00e0 22h05<\/span><br \/>\nAu d\u00e9part d\u2019Oberwald: tous les jours de <span class=\"td-content\">05.35, 06.35 Uhr \u00e0 raison d\u2019un train toutes les 60 minutes \u00e0 21h35<br \/>\n<\/span><\/p>\n<h2>TRAIN AUTO SIMPLON<\/h2>\n<p>Au d\u00e9part d\u2019Iselle (c\u00f4t\u00e9 sud): tous les jours de 7h36, du lundi au vendredi \u00e0 partir de 6h06, toutes les 90 minutes environ jusqu\u2019\u00e0 22h31<br \/>\nAu d\u00e9part de Brigue (c\u00f4t\u00e9 nord): tous les jours de 6h59, du lundi au vendredi \u00e0 partir de 5h29, toutes les 90 minutes environ jusqu\u2019\u00e0 21h59<\/p>\n<h2>AVION<\/h2>\n<p>La vall\u00e9e de Saas est accessible en 3 ou 4 heures en train ou en bus depuis les a\u00e9roports internationaux de B\u00e2le, Zurich, Gen\u00e8ve et Milan.<\/p>\n<p>&nbsp;<\/p>\n","protected":false},"excerpt":{"rendered":"<p>Prenez les transports publics et gagnez du temps gr\u00e2ce au nouveau tunnel de base du L\u00f6tschberg! TRAIN \/ CAR POSTAL Les gares les plus proches [&hellip;]<\/p>\n","protected":false},"author":1,"featured_media":0,"parent":0,"menu_order":0,"comment_status":"closed","ping_status":"closed","template":"unterseite-template.php","meta":{"_acf_changed":false,"footnotes":""},"class_list":["post-55","page","type-page","status-publish","hentry"],"translation":{"provider":"WPGlobus","version":"3.0.2","language":"fr","enabled_languages":["de","en","fr"],"languages":{"de":{"title":true,"content":true,"excerpt":false},"en":{"title":true,"content":true,"excerpt":false},"fr":{"title":true,"content":true,"excerpt":false}}},"acf":[],"yoast_head":"<!-- This site is optimized with the Yoast SEO plugin v27.3 - https:\/\/yoast.com\/product\/yoast-seo-wordpress\/ -->\n<title>Arriv\u00e9e - Auriga Ferienwohnungen Saas-Fee<\/title>\n<meta name=\"robots\" content=\"index, follow, max-snippet:-1, max-image-preview:large, max-video-preview:-1\" \/>\n<link rel=\"canonical\" href=\"https:\/\/www.auriga-saasfee.ch\/fr\/anreise\/\" \/>\n<meta property=\"og:locale\" content=\"fr_FR\" \/>\n<meta property=\"og:type\" content=\"article\" \/>\n<meta property=\"og:title\" content=\"Arriv\u00e9e - Auriga Ferienwohnungen Saas-Fee\" \/>\n<meta property=\"og:url\" content=\"https:\/\/www.auriga-saasfee.ch\/fr\/anreise\/\" \/>\n<meta property=\"og:site_name\" content=\"Auriga Ferienwohnungen Saas-Fee\" \/>\n<meta property=\"article:modified_time\" content=\"2017-11-20T20:20:26+00:00\" \/>\n<meta name=\"twitter:card\" content=\"summary_large_image\" \/>\n<meta name=\"twitter:label1\" content=\"Est. reading time\" \/>\n\t<meta name=\"twitter:data1\" content=\"5 minutes\" \/>\n<script type=\"application\/ld+json\" class=\"yoast-schema-graph\">{\"@context\":\"https:\\\/\\\/schema.org\",\"@graph\":[{\"@type\":\"WebPage\",\"@id\":\"https:\\\/\\\/www.auriga-saasfee.ch\\\/fr\\\/anreise\\\/\",\"url\":\"https:\\\/\\\/www.auriga-saasfee.ch\\\/fr\\\/anreise\\\/\",\"name\":\"Arriv\u00e9e - Auriga Ferienwohnungen Saas-Fee\",\"isPartOf\":{\"@id\":\"https:\\\/\\\/www.auriga-saasfee.ch\\\/#website\"},\"datePublished\":\"2017-09-01T13:05:28+00:00\",\"dateModified\":\"2017-11-20T20:20:26+00:00\",\"description\":\"Dank dem neuen NEAT L\u00f6tschbergbasistunnel wird die Anreise mit dem \u00f6ffentlichen Verkehrsmitteln noch schneller.\",\"breadcrumb\":{\"@id\":\"https:\\\/\\\/www.auriga-saasfee.ch\\\/fr\\\/anreise\\\/#breadcrumb\"},\"inLanguage\":\"fr-FR\",\"potentialAction\":[{\"@type\":\"ReadAction\",\"target\":[\"https:\\\/\\\/www.auriga-saasfee.ch\\\/fr\\\/anreise\\\/\"]}]},{\"@type\":\"BreadcrumbList\",\"@id\":\"https:\\\/\\\/www.auriga-saasfee.ch\\\/fr\\\/anreise\\\/#breadcrumb\",\"itemListElement\":[{\"@type\":\"ListItem\",\"position\":1,\"name\":\"Startseite\",\"item\":\"https:\\\/\\\/www.auriga-saasfee.ch\\\/\"},{\"@type\":\"ListItem\",\"position\":2,\"name\":\"Arriv\u00e9e\"}]},{\"@type\":\"WebSite\",\"@id\":\"https:\\\/\\\/www.auriga-saasfee.ch\\\/#website\",\"url\":\"https:\\\/\\\/www.auriga-saasfee.ch\\\/\",\"name\":\"Auriga Ferienwohnungen Saas-Fee\",\"description\":\"Auriga Ferienwohnungen Saas-Fee\",\"potentialAction\":[{\"@type\":\"SearchAction\",\"target\":{\"@type\":\"EntryPoint\",\"urlTemplate\":\"https:\\\/\\\/www.auriga-saasfee.ch\\\/?s={search_term_string}\"},\"query-input\":{\"@type\":\"PropertyValueSpecification\",\"valueRequired\":true,\"valueName\":\"search_term_string\"}}],\"inLanguage\":\"fr-FR\"}]}<\/script>\n<!-- \/ Yoast SEO plugin. -->","yoast_head_json":{"title":"Arriv\u00e9e - Auriga Ferienwohnungen Saas-Fee","robots":{"index":"index","follow":"follow","max-snippet":"max-snippet:-1","max-image-preview":"max-image-preview:large","max-video-preview":"max-video-preview:-1"},"canonical":"https:\/\/www.auriga-saasfee.ch\/fr\/anreise\/","og_locale":"fr_FR","og_type":"article","og_title":"Arriv\u00e9e - Auriga Ferienwohnungen Saas-Fee","og_url":"https:\/\/www.auriga-saasfee.ch\/fr\/anreise\/","og_site_name":"Auriga Ferienwohnungen Saas-Fee","article_modified_time":"2017-11-20T20:20:26+00:00","twitter_card":"summary_large_image","twitter_misc":{"Est. reading time":"5 minutes"},"schema":{"@context":"https:\/\/schema.org","@graph":[{"@type":"WebPage","@id":"https:\/\/www.auriga-saasfee.ch\/fr\/anreise\/","url":"https:\/\/www.auriga-saasfee.ch\/fr\/anreise\/","name":"Arriv\u00e9e - Auriga Ferienwohnungen Saas-Fee","isPartOf":{"@id":"https:\/\/www.auriga-saasfee.ch\/#website"},"datePublished":"2017-09-01T13:05:28+00:00","dateModified":"2017-11-20T20:20:26+00:00","description":"Dank dem neuen NEAT L\u00f6tschbergbasistunnel wird die Anreise mit dem \u00f6ffentlichen Verkehrsmitteln noch schneller.","breadcrumb":{"@id":"https:\/\/www.auriga-saasfee.ch\/fr\/anreise\/#breadcrumb"},"inLanguage":"fr-FR","potentialAction":[{"@type":"ReadAction","target":["https:\/\/www.auriga-saasfee.ch\/fr\/anreise\/"]}]},{"@type":"BreadcrumbList","@id":"https:\/\/www.auriga-saasfee.ch\/fr\/anreise\/#breadcrumb","itemListElement":[{"@type":"ListItem","position":1,"name":"Startseite","item":"https:\/\/www.auriga-saasfee.ch\/"},{"@type":"ListItem","position":2,"name":"Arriv\u00e9e"}]},{"@type":"WebSite","@id":"https:\/\/www.auriga-saasfee.ch\/#website","url":"https:\/\/www.auriga-saasfee.ch\/","name":"Auriga Ferienwohnungen Saas-Fee","description":"Auriga Ferienwohnungen Saas-Fee","potentialAction":[{"@type":"SearchAction","target":{"@type":"EntryPoint","urlTemplate":"https:\/\/www.auriga-saasfee.ch\/?s={search_term_string}"},"query-input":{"@type":"PropertyValueSpecification","valueRequired":true,"valueName":"search_term_string"}}],"inLanguage":"fr-FR"}]}},"_links":{"self":[{"href":"https:\/\/www.auriga-saasfee.ch\/fr\/wp-json\/wp\/v2\/pages\/55","targetHints":{"allow":["GET"]}}],"collection":[{"href":"https:\/\/www.auriga-saasfee.ch\/fr\/wp-json\/wp\/v2\/pages"}],"about":[{"href":"https:\/\/www.auriga-saasfee.ch\/fr\/wp-json\/wp\/v2\/types\/page"}],"author":[{"embeddable":true,"href":"https:\/\/www.auriga-saasfee.ch\/fr\/wp-json\/wp\/v2\/users\/1"}],"replies":[{"embeddable":true,"href":"https:\/\/www.auriga-saasfee.ch\/fr\/wp-json\/wp\/v2\/comments?post=55"}],"version-history":[{"count":3,"href":"https:\/\/www.auriga-saasfee.ch\/fr\/wp-json\/wp\/v2\/pages\/55\/revisions"}],"predecessor-version":[{"id":365,"href":"https:\/\/www.auriga-saasfee.ch\/fr\/wp-json\/wp\/v2\/pages\/55\/revisions\/365"}],"wp:attachment":[{"href":"https:\/\/www.auriga-saasfee.ch\/fr\/wp-json\/wp\/v2\/media?parent=55"}],"curies":[{"name":"wp","href":"https:\/\/api.w.org\/{rel}","templated":true}]}}