{"id":23,"date":"2017-08-31T20:59:25","date_gmt":"2017-08-31T18:59:25","guid":{"rendered":"http:\/\/aurigasa.cyon.link\/webpage\/?page_id=23"},"modified":"2018-11-27T17:25:13","modified_gmt":"2018-11-27T16:25:13","slug":"home","status":"publish","type":"page","link":"https:\/\/www.auriga-saasfee.ch\/fr\/","title":{"rendered":"Home"},"content":{"rendered":"<h1>Auriga, une nouvelle \u00e9toile \u00e0 Saas-Fee<\/h1>\n<div><\/div>\n<div class=\"two_third\">Id\u00e9alement situ\u00e9e dans la rue principale, la maison, tr\u00e8s calme, se trouve \u00e0 proximit\u00e9 des remont\u00e9es m\u00e9caniques. Tous les magasins sont accessibles \u00e0 pied en deux ou trois minutes. Luxueux et tr\u00e8s confortables, nos appartements vous offrent une vue imprenable sur la montagne environnante. Les propri\u00e9taires habitent sur place et vous accueillent dans une ambiance \u00e0 la fois conviviale et familiale. Une occasion unique pour vous d\u00e9tendre et profiter pleinement de vos vacances sans le moindre souci.<\/div>\n","protected":false},"excerpt":{"rendered":"<p>Auriga, une nouvelle \u00e9toile \u00e0 Saas-Fee Id\u00e9alement situ\u00e9e dans la rue principale, la maison, tr\u00e8s calme, se trouve \u00e0 proximit\u00e9 des remont\u00e9es m\u00e9caniques. Tous les [&hellip;]<\/p>\n","protected":false},"author":12345678,"featured_media":0,"parent":0,"menu_order":0,"comment_status":"closed","ping_status":"closed","template":"startseite-template.php","meta":{"_acf_changed":false,"footnotes":""},"class_list":["post-23","page","type-page","status-publish","hentry"],"translation":{"provider":"WPGlobus","version":"3.0.2","language":"fr","enabled_languages":["de","en","fr"],"languages":{"de":{"title":true,"content":true,"excerpt":false},"en":{"title":true,"content":true,"excerpt":false},"fr":{"title":true,"content":true,"excerpt":false}}},"acf":[],"yoast_head":"<!-- This site is optimized with the Yoast SEO plugin v27.3 - https:\/\/yoast.com\/product\/yoast-seo-wordpress\/ -->\n<title>Ferienwohnungen Auriga in Saas-Fee, Wallis<\/title>\n<meta name=\"robots\" content=\"index, follow, max-snippet:-1, max-image-preview:large, max-video-preview:-1\" \/>\n<link rel=\"canonical\" href=\"https:\/\/www.auriga-saasfee.ch\/\" \/>\n<meta property=\"og:locale\" content=\"fr_FR\" \/>\n<meta property=\"og:type\" content=\"article\" \/>\n<meta property=\"og:title\" content=\"Home - Auriga Ferienwohnungen Saas-Fee\" \/>\n<meta property=\"og:url\" content=\"https:\/\/www.auriga-saasfee.ch\/\" \/>\n<meta property=\"og:site_name\" content=\"Auriga Ferienwohnungen Saas-Fee\" \/>\n<meta property=\"article:modified_time\" content=\"2018-11-27T16:25:13+00:00\" \/>\n<meta name=\"twitter:card\" content=\"summary_large_image\" \/>\n<meta name=\"twitter:label1\" content=\"Est. reading time\" \/>\n\t<meta name=\"twitter:data1\" content=\"1 minute\" \/>\n<script type=\"application\/ld+json\" class=\"yoast-schema-graph\">{\"@context\":\"https:\\\/\\\/schema.org\",\"@graph\":[{\"@type\":\"WebPage\",\"@id\":\"https:\\\/\\\/www.auriga-saasfee.ch\\\/\",\"url\":\"https:\\\/\\\/www.auriga-saasfee.ch\\\/\",\"name\":\"Ferienwohnungen Auriga in Saas-Fee, Wallis\",\"isPartOf\":{\"@id\":\"https:\\\/\\\/www.auriga-saasfee.ch\\\/#website\"},\"datePublished\":\"2017-08-31T18:59:25+00:00\",\"dateModified\":\"2018-11-27T16:25:13+00:00\",\"description\":\"Die Ferienwohnungen Auriga in Saas-Fee liegen sehr zentral in unmittelbarer N\u00e4he zu den Bergbahnen. Alle Gesch\u00e4fte sind in 2 bis 3 Gehminuten erreichbar.\",\"breadcrumb\":{\"@id\":\"https:\\\/\\\/www.auriga-saasfee.ch\\\/#breadcrumb\"},\"inLanguage\":\"fr-FR\",\"potentialAction\":[{\"@type\":\"ReadAction\",\"target\":[\"https:\\\/\\\/www.auriga-saasfee.ch\\\/\"]}]},{\"@type\":\"BreadcrumbList\",\"@id\":\"https:\\\/\\\/www.auriga-saasfee.ch\\\/#breadcrumb\",\"itemListElement\":[{\"@type\":\"ListItem\",\"position\":1,\"name\":\"Startseite\",\"item\":\"https:\\\/\\\/www.auriga-saasfee.ch\\\/\"},{\"@type\":\"ListItem\",\"position\":2,\"name\":\"Home\"}]},{\"@type\":\"WebSite\",\"@id\":\"https:\\\/\\\/www.auriga-saasfee.ch\\\/#website\",\"url\":\"https:\\\/\\\/www.auriga-saasfee.ch\\\/\",\"name\":\"Auriga Ferienwohnungen Saas-Fee\",\"description\":\"Auriga Ferienwohnungen Saas-Fee\",\"potentialAction\":[{\"@type\":\"SearchAction\",\"target\":{\"@type\":\"EntryPoint\",\"urlTemplate\":\"https:\\\/\\\/www.auriga-saasfee.ch\\\/?s={search_term_string}\"},\"query-input\":{\"@type\":\"PropertyValueSpecification\",\"valueRequired\":true,\"valueName\":\"search_term_string\"}}],\"inLanguage\":\"fr-FR\"}]}<\/script>\n<!-- \/ Yoast SEO plugin. -->","yoast_head_json":{"title":"Ferienwohnungen Auriga in Saas-Fee, Wallis","robots":{"index":"index","follow":"follow","max-snippet":"max-snippet:-1","max-image-preview":"max-image-preview:large","max-video-preview":"max-video-preview:-1"},"canonical":"https:\/\/www.auriga-saasfee.ch\/","og_locale":"fr_FR","og_type":"article","og_title":"Home - Auriga Ferienwohnungen Saas-Fee","og_url":"https:\/\/www.auriga-saasfee.ch\/","og_site_name":"Auriga Ferienwohnungen Saas-Fee","article_modified_time":"2018-11-27T16:25:13+00:00","twitter_card":"summary_large_image","twitter_misc":{"Est. reading time":"1 minute"},"schema":{"@context":"https:\/\/schema.org","@graph":[{"@type":"WebPage","@id":"https:\/\/www.auriga-saasfee.ch\/","url":"https:\/\/www.auriga-saasfee.ch\/","name":"Ferienwohnungen Auriga in Saas-Fee, Wallis","isPartOf":{"@id":"https:\/\/www.auriga-saasfee.ch\/#website"},"datePublished":"2017-08-31T18:59:25+00:00","dateModified":"2018-11-27T16:25:13+00:00","description":"Die Ferienwohnungen Auriga in Saas-Fee liegen sehr zentral in unmittelbarer N\u00e4he zu den Bergbahnen. Alle Gesch\u00e4fte sind in 2 bis 3 Gehminuten erreichbar.","breadcrumb":{"@id":"https:\/\/www.auriga-saasfee.ch\/#breadcrumb"},"inLanguage":"fr-FR","potentialAction":[{"@type":"ReadAction","target":["https:\/\/www.auriga-saasfee.ch\/"]}]},{"@type":"BreadcrumbList","@id":"https:\/\/www.auriga-saasfee.ch\/#breadcrumb","itemListElement":[{"@type":"ListItem","position":1,"name":"Startseite","item":"https:\/\/www.auriga-saasfee.ch\/"},{"@type":"ListItem","position":2,"name":"Home"}]},{"@type":"WebSite","@id":"https:\/\/www.auriga-saasfee.ch\/#website","url":"https:\/\/www.auriga-saasfee.ch\/","name":"Auriga Ferienwohnungen Saas-Fee","description":"Auriga Ferienwohnungen Saas-Fee","potentialAction":[{"@type":"SearchAction","target":{"@type":"EntryPoint","urlTemplate":"https:\/\/www.auriga-saasfee.ch\/?s={search_term_string}"},"query-input":{"@type":"PropertyValueSpecification","valueRequired":true,"valueName":"search_term_string"}}],"inLanguage":"fr-FR"}]}},"_links":{"self":[{"href":"https:\/\/www.auriga-saasfee.ch\/fr\/wp-json\/wp\/v2\/pages\/23","targetHints":{"allow":["GET"]}}],"collection":[{"href":"https:\/\/www.auriga-saasfee.ch\/fr\/wp-json\/wp\/v2\/pages"}],"about":[{"href":"https:\/\/www.auriga-saasfee.ch\/fr\/wp-json\/wp\/v2\/types\/page"}],"author":[{"embeddable":true,"href":"https:\/\/www.auriga-saasfee.ch\/fr\/wp-json\/wp\/v2\/users\/12345678"}],"replies":[{"embeddable":true,"href":"https:\/\/www.auriga-saasfee.ch\/fr\/wp-json\/wp\/v2\/comments?post=23"}],"version-history":[{"count":3,"href":"https:\/\/www.auriga-saasfee.ch\/fr\/wp-json\/wp\/v2\/pages\/23\/revisions"}],"predecessor-version":[{"id":413,"href":"https:\/\/www.auriga-saasfee.ch\/fr\/wp-json\/wp\/v2\/pages\/23\/revisions\/413"}],"wp:attachment":[{"href":"https:\/\/www.auriga-saasfee.ch\/fr\/wp-json\/wp\/v2\/media?parent=23"}],"curies":[{"name":"wp","href":"https:\/\/api.w.org\/{rel}","templated":true}]}}