{"id":179,"date":"2017-11-02T10:16:01","date_gmt":"2017-11-02T09:16:01","guid":{"rendered":"http:\/\/aurigasa.cyon.link\/webpage\/?page_id=179"},"modified":"2017-11-18T22:05:00","modified_gmt":"2017-11-18T21:05:00","slug":"impressum","status":"publish","type":"page","link":"https:\/\/www.auriga-saasfee.ch\/fr\/impressum\/","title":{"rendered":"Impressum"},"content":{"rendered":"<h1 class=\"page_title\">Impressum<\/h1>\n<div class=\"one_fourth\">\n<h3><span id=\"result_box\" class=\"short_text\" lang=\"fr\"><span class=\"\">Responsable du contenu:<\/span><\/span><\/h3>\n<p><span id=\"result_box\" class=\"short_text\" lang=\"fr\"><span class=\"\">Madame<\/span><\/span><br \/>\nIrmgard Zurbriggen<br \/>\nAuriga Ferienwohnungen<br \/>\nDorfstrasse 20<br \/>\n3906 Saas-Fee<br \/>\nSchweiz<\/p>\n<p>E-Mail: info@auriga-saasfee.ch<br \/>\nTelefon: 0041 (0)27 957 18 82<br \/>\nMobile: 0041 (0)79 561 46 09<\/p>\n<\/div>\n<div class=\"one_fourth last\">\n<h3><span id=\"result_box\" class=\"short_text\" lang=\"fr\"><span class=\"\">Conception Web, d\u00e9veloppement web et h\u00e9bergement:<\/span><\/span><\/h3>\n<p>Valpix GmbH<br \/>\nKehrstrasse 12<br \/>\n3904 Naters<\/p>\n<p><a href=\"mailto:info@valpix.ch\">info@valpix.ch<\/a><br \/>\n<a href=\"https:\/\/www.valpix.ch\" target=\"_blank\" rel=\"noopener\">www.valpix.ch<\/a><\/p>\n<\/div>\n<h3><span id=\"result_box\" class=\"\" lang=\"fr\"><span class=\"\">D\u00e9n\u00e9gation<\/span><\/span><\/h3>\n<p><span id=\"result_box\" class=\"\" lang=\"fr\"><span class=\"\">L&#8217;auteur se r\u00e9serve le droit de ne pas \u00eatre responsable de l&#8217;exactitude, de l&#8217;exactitude, de la ponctualit\u00e9, de la fiabilit\u00e9 et de l&#8217;exhaustivit\u00e9 des informations.<\/span><\/span><\/p>\n<p>Les pr\u00e9tentions en responsabilit\u00e9 contre l&#8217;auteur en raison de dommages mat\u00e9riels ou immat\u00e9riels r\u00e9sultant de l&#8217;acc\u00e8s ou de l&#8217;utilisation ou de la non-utilisation des informations publi\u00e9es, d&#8217;une mauvaise utilisation de la connexion ou de d\u00e9fauts techniques sont exclues.<\/p>\n<p>Toutes les offres sont sans engagement. L&#8217;auteur se r\u00e9serve express\u00e9ment le droit de modifier, compl\u00e9ter ou supprimer des parties de pages ou l&#8217;int\u00e9gralit\u00e9 de l&#8217;offre sans pr\u00e9avis ou de cesser la publication temporairement ou d\u00e9finitivement.<\/p>\n<h3><span id=\"result_box\" class=\"\" lang=\"fr\"><span class=\"\">Responsabilit\u00e9 pour les liens<\/span><\/span><\/h3>\n<p><span id=\"result_box\" class=\"\" lang=\"fr\">Les r\u00e9f\u00e9rences et les liens vers des sites Web de tiers sont hors de notre responsabilit\u00e9. Toute responsabilit\u00e9 pour ces sites Web est exclue. L&#8217;acc\u00e8s et l&#8217;utilisation de ces sites sont aux risques et p\u00e9rils de l&#8217;utilisateur.<\/span><\/p>\n<h3><span id=\"result_box\" class=\"\" lang=\"fr\"><span class=\"\">Droits d&#8217;auteur<\/span><\/span><\/h3>\n<p><span id=\"result_box\" class=\"\" lang=\"fr\">Les droits d&#8217;auteur et tous les autres droits sur le contenu, les images, les photos ou d&#8217;autres fichiers sur le site appartiennent exclusivement \u00e0 la soci\u00e9t\u00e9 <strong>Auriga Ferienwohnungen<\/strong> ou aux titulaires de droits sp\u00e9cifiquement d\u00e9sign\u00e9s. Pour la reproduction de tout \u00e9l\u00e9ment, le consentement \u00e9crit des d\u00e9tenteurs des droits d&#8217;auteur doit \u00eatre obtenu \u00e0 l&#8217;avance.<\/span><\/p>\n<h3><span id=\"result_box\" class=\"\" lang=\"fr\"><span class=\"\">Politique de confidentialit\u00e9<\/span><\/span><\/h3>\n<p><span id=\"result_box\" class=\"\" lang=\"fr\">Conform\u00e9ment \u00e0 l&#8217;article 13 de la Constitution f\u00e9d\u00e9rale suisse et \u00e0 la r\u00e9glementation sur la protection des donn\u00e9es du gouvernement f\u00e9d\u00e9ral (loi sur la protection des donn\u00e9es, DSG), toute personne a droit \u00e0 la protection de sa vie priv\u00e9e ainsi qu&#8217;\u00e0 la protection contre l&#8217;utilisation abusive de ses donn\u00e9es personnelles. Nous respectons ces conditions. Les donn\u00e9es personnelles resteront strictement confidentielles et ne seront pas vendues ou transmises \u00e0 des tiers.<\/span><\/p>\n<h3><span id=\"result_box\" class=\"\" lang=\"fr\"><span title=\"Datenschutzerkl\u00e4rung f\u00fcr die Nutzung von Google Analytics \">Politique de confidentialit\u00e9 pour l&#8217;utilisation de Google Analytics<\/span><\/span><\/h3>\n<p><span id=\"result_box\" class=\"\" lang=\"fr\"><span title=\"Datenschutzerkl\u00e4rung f\u00fcr die Nutzung von Google Analytics \"><span title=\"Diese Website benutzt Google Analytics, einen Webanalysedienst der Google Inc. (\u201cGoogle\u201d).\">Ce site utilise Google Analytics, un service d&#8217;analyse de site internet fourni par Google Inc. (&#8220;Google&#8221;). <\/span><span title=\"Google Analytics verwendet sog. \u201cCookies\u201d, Textdateien, die auf Ihrem Computer gespeichert werden und die eine Analyse der Benutzung der Website durch Sie erm\u00f6glichen.\">Google Analytics utilise des \u00abcookies\u00bb, des fichiers texte stock\u00e9s sur votre ordinateur et qui permettent une analyse de l&#8217;utilisation du site Web par vous. <\/span><span title=\"Die durch den Cookie erzeugten Informationen \u00fcber Ihre Benutzung dieser Website werden in der Regel an einen Server von Google in den USA \u00fcbertragen und dort gespeichert.\">Les informations g\u00e9n\u00e9r\u00e9es par les cookies concernant votre utilisation de ce site sont g\u00e9n\u00e9ralement transmises \u00e0 un serveur de Google aux Etats-Unis et y sont stock\u00e9es. <\/span><span title=\"Im Falle der Aktivierung der IP-Anonymisierung auf dieser Webseite wird Ihre IP-Adresse von Google jedoch innerhalb von Mitgliedstaaten der Europ\u00e4ischen Union oder in anderen Vertragsstaaten des Abkommens \u00fcber den Europ\u00e4ischen Wirtschaftsraum zuvor gek\u00fcrzt. \">Toutefois, si l&#8217;anonymisation de l&#8217;adresse IP est activ\u00e9e sur ce site, votre adresse IP sera pr\u00e9alablement raccourcie par Google dans les \u00c9tats membres de l&#8217;Union europ\u00e9enne ou d&#8217;autres parties \u00e0 l&#8217;accord sur l&#8217;Espace \u00e9conomique europ\u00e9en.<\/span><\/span><\/span><\/p>\n<p><span title=\"Nur in Ausnahmef\u00e4llen wird die volle IP-Adresse an einen Server von Google in den USA \u00fcbertragen und dort gek\u00fcrzt.\">Ce n&#8217;est que dans des cas exceptionnels que l&#8217;adresse IP compl\u00e8te sera envoy\u00e9e \u00e0 un serveur de Google aux \u00c9tats-Unis et raccourcie \u00e0 cet endroit. <\/span><span title=\"Google wird diese Informationen benutzen, um Ihre Nutzung der Website auszuwerten, um Reports \u00fcber die Websiteaktivit\u00e4ten f\u00fcr die Websitebetreiber zusammenzustellen und um weitere mit der Websitenutzung und der Internetnutzung verbundene Dienstleistungen zu erbringen.\">Google utilisera cette information pour \u00e9valuer votre utilisation du site Web, pour compiler des rapports sur l&#8217;activit\u00e9 du site Web pour les op\u00e9rateurs de site Web et pour fournir d&#8217;autres services li\u00e9s \u00e0 l&#8217;activit\u00e9 du site Web et \u00e0 l&#8217;utilisation d&#8217;Internet. <\/span><span title=\"Auch wird Google diese Informationen gegebenenfalls an Dritte \u00fcbertragen, sofern dies gesetzlich vorgeschrieben oder soweit Dritte diese Daten im Auftrag von Google verarbeiten.\">Google peut \u00e9galement transf\u00e9rer ces informations \u00e0 des tiers si la loi l&#8217;exige ou si des tiers traitent ces donn\u00e9es pour le compte de Google. <\/span><span title=\"Die im Rahmen von Google Analytics von Ihrem Browser \u00fcbermittelte IP-Adresse wird nicht mit anderen Daten von Google zusammengef\u00fchrt. \">L&#8217;adresse IP fournie par Google Analytics dans le cadre de Google Analytics ne sera pas fusionn\u00e9e avec d&#8217;autres donn\u00e9es de Google.<\/span><\/p>\n<p><span title=\"Sie k\u00f6nnen die Installation der Cookies durch eine entsprechende Einstellung Ihrer Browser Software verhindern;\">Vous pouvez emp\u00eacher l&#8217;installation de cookies en configurant votre logiciel de navigation en cons\u00e9quence; <\/span><span title=\"wir weisen Sie jedoch darauf hin, dass Sie in diesem Fall gegebenenfalls nicht s\u00e4mtliche Funktionen dieser Website voll umf\u00e4nglich nutzen k\u00f6nnen.\">Cependant, sachez que dans ce cas vous ne pourrez peut-\u00eatre pas utiliser toutes les fonctionnalit\u00e9s de ce site. <\/span><span title=\"Durch die Nutzung dieser Website erkl\u00e4ren Sie sich mit der Bearbeitung der \u00fcber Sie erhobenen Daten durch Google in der zuvor beschriebenen Art und Weise und zu dem zuvor benannten Zweck einverstanden.\">En utilisant ce site, vous consentez au traitement des donn\u00e9es vous concernant par Google de la mani\u00e8re et aux fins d\u00e9crites ci-dessus.<\/span><\/p>\n<p>&nbsp;<\/p>\n","protected":false},"excerpt":{"rendered":"<p>Impressum Responsable du contenu: Madame Irmgard Zurbriggen Auriga Ferienwohnungen Dorfstrasse 20 3906 Saas-Fee Schweiz E-Mail: info@auriga-saasfee.ch Telefon: 0041 (0)27 957 18 82 Mobile: 0041 (0)79 [&hellip;]<\/p>\n","protected":false},"author":1,"featured_media":0,"parent":0,"menu_order":0,"comment_status":"closed","ping_status":"closed","template":"","meta":{"_acf_changed":false,"footnotes":""},"class_list":["post-179","page","type-page","status-publish","hentry"],"translation":{"provider":"WPGlobus","version":"3.0.2","language":"fr","enabled_languages":["de","en","fr"],"languages":{"de":{"title":true,"content":true,"excerpt":false},"en":{"title":true,"content":true,"excerpt":false},"fr":{"title":true,"content":true,"excerpt":false}}},"acf":[],"yoast_head":"<!-- This site is optimized with the Yoast SEO plugin v27.3 - https:\/\/yoast.com\/product\/yoast-seo-wordpress\/ -->\n<title>Impressum - Auriga Ferienwohnungen Saas-Fee<\/title>\n<meta name=\"robots\" content=\"index, follow, max-snippet:-1, max-image-preview:large, max-video-preview:-1\" \/>\n<link rel=\"canonical\" href=\"https:\/\/www.auriga-saasfee.ch\/fr\/impressum\/\" \/>\n<meta property=\"og:locale\" content=\"fr_FR\" \/>\n<meta property=\"og:type\" content=\"article\" \/>\n<meta property=\"og:title\" content=\"Impressum - Auriga Ferienwohnungen Saas-Fee\" \/>\n<meta property=\"og:url\" content=\"https:\/\/www.auriga-saasfee.ch\/fr\/impressum\/\" \/>\n<meta property=\"og:site_name\" content=\"Auriga Ferienwohnungen Saas-Fee\" \/>\n<meta property=\"article:modified_time\" content=\"2017-11-18T21:05:00+00:00\" \/>\n<meta name=\"twitter:card\" content=\"summary_large_image\" \/>\n<meta name=\"twitter:label1\" content=\"Est. reading time\" \/>\n\t<meta name=\"twitter:data1\" content=\"9 minutes\" \/>\n<script type=\"application\/ld+json\" class=\"yoast-schema-graph\">{\"@context\":\"https:\\\/\\\/schema.org\",\"@graph\":[{\"@type\":\"WebPage\",\"@id\":\"https:\\\/\\\/www.auriga-saasfee.ch\\\/fr\\\/impressum\\\/\",\"url\":\"https:\\\/\\\/www.auriga-saasfee.ch\\\/fr\\\/impressum\\\/\",\"name\":\"Impressum - Auriga Ferienwohnungen Saas-Fee\",\"isPartOf\":{\"@id\":\"https:\\\/\\\/www.auriga-saasfee.ch\\\/#website\"},\"datePublished\":\"2017-11-02T09:16:01+00:00\",\"dateModified\":\"2017-11-18T21:05:00+00:00\",\"description\":\"Impressum\",\"breadcrumb\":{\"@id\":\"https:\\\/\\\/www.auriga-saasfee.ch\\\/fr\\\/impressum\\\/#breadcrumb\"},\"inLanguage\":\"fr-FR\",\"potentialAction\":[{\"@type\":\"ReadAction\",\"target\":[\"https:\\\/\\\/www.auriga-saasfee.ch\\\/fr\\\/impressum\\\/\"]}]},{\"@type\":\"BreadcrumbList\",\"@id\":\"https:\\\/\\\/www.auriga-saasfee.ch\\\/fr\\\/impressum\\\/#breadcrumb\",\"itemListElement\":[{\"@type\":\"ListItem\",\"position\":1,\"name\":\"Startseite\",\"item\":\"https:\\\/\\\/www.auriga-saasfee.ch\\\/\"},{\"@type\":\"ListItem\",\"position\":2,\"name\":\"Impressum\"}]},{\"@type\":\"WebSite\",\"@id\":\"https:\\\/\\\/www.auriga-saasfee.ch\\\/#website\",\"url\":\"https:\\\/\\\/www.auriga-saasfee.ch\\\/\",\"name\":\"Auriga Ferienwohnungen Saas-Fee\",\"description\":\"Auriga Ferienwohnungen Saas-Fee\",\"potentialAction\":[{\"@type\":\"SearchAction\",\"target\":{\"@type\":\"EntryPoint\",\"urlTemplate\":\"https:\\\/\\\/www.auriga-saasfee.ch\\\/?s={search_term_string}\"},\"query-input\":{\"@type\":\"PropertyValueSpecification\",\"valueRequired\":true,\"valueName\":\"search_term_string\"}}],\"inLanguage\":\"fr-FR\"}]}<\/script>\n<!-- \/ Yoast SEO plugin. -->","yoast_head_json":{"title":"Impressum - Auriga Ferienwohnungen Saas-Fee","robots":{"index":"index","follow":"follow","max-snippet":"max-snippet:-1","max-image-preview":"max-image-preview:large","max-video-preview":"max-video-preview:-1"},"canonical":"https:\/\/www.auriga-saasfee.ch\/fr\/impressum\/","og_locale":"fr_FR","og_type":"article","og_title":"Impressum - Auriga Ferienwohnungen Saas-Fee","og_url":"https:\/\/www.auriga-saasfee.ch\/fr\/impressum\/","og_site_name":"Auriga Ferienwohnungen Saas-Fee","article_modified_time":"2017-11-18T21:05:00+00:00","twitter_card":"summary_large_image","twitter_misc":{"Est. reading time":"9 minutes"},"schema":{"@context":"https:\/\/schema.org","@graph":[{"@type":"WebPage","@id":"https:\/\/www.auriga-saasfee.ch\/fr\/impressum\/","url":"https:\/\/www.auriga-saasfee.ch\/fr\/impressum\/","name":"Impressum - Auriga Ferienwohnungen Saas-Fee","isPartOf":{"@id":"https:\/\/www.auriga-saasfee.ch\/#website"},"datePublished":"2017-11-02T09:16:01+00:00","dateModified":"2017-11-18T21:05:00+00:00","description":"Impressum","breadcrumb":{"@id":"https:\/\/www.auriga-saasfee.ch\/fr\/impressum\/#breadcrumb"},"inLanguage":"fr-FR","potentialAction":[{"@type":"ReadAction","target":["https:\/\/www.auriga-saasfee.ch\/fr\/impressum\/"]}]},{"@type":"BreadcrumbList","@id":"https:\/\/www.auriga-saasfee.ch\/fr\/impressum\/#breadcrumb","itemListElement":[{"@type":"ListItem","position":1,"name":"Startseite","item":"https:\/\/www.auriga-saasfee.ch\/"},{"@type":"ListItem","position":2,"name":"Impressum"}]},{"@type":"WebSite","@id":"https:\/\/www.auriga-saasfee.ch\/#website","url":"https:\/\/www.auriga-saasfee.ch\/","name":"Auriga Ferienwohnungen Saas-Fee","description":"Auriga Ferienwohnungen Saas-Fee","potentialAction":[{"@type":"SearchAction","target":{"@type":"EntryPoint","urlTemplate":"https:\/\/www.auriga-saasfee.ch\/?s={search_term_string}"},"query-input":{"@type":"PropertyValueSpecification","valueRequired":true,"valueName":"search_term_string"}}],"inLanguage":"fr-FR"}]}},"_links":{"self":[{"href":"https:\/\/www.auriga-saasfee.ch\/fr\/wp-json\/wp\/v2\/pages\/179","targetHints":{"allow":["GET"]}}],"collection":[{"href":"https:\/\/www.auriga-saasfee.ch\/fr\/wp-json\/wp\/v2\/pages"}],"about":[{"href":"https:\/\/www.auriga-saasfee.ch\/fr\/wp-json\/wp\/v2\/types\/page"}],"author":[{"embeddable":true,"href":"https:\/\/www.auriga-saasfee.ch\/fr\/wp-json\/wp\/v2\/users\/1"}],"replies":[{"embeddable":true,"href":"https:\/\/www.auriga-saasfee.ch\/fr\/wp-json\/wp\/v2\/comments?post=179"}],"version-history":[{"count":3,"href":"https:\/\/www.auriga-saasfee.ch\/fr\/wp-json\/wp\/v2\/pages\/179\/revisions"}],"predecessor-version":[{"id":248,"href":"https:\/\/www.auriga-saasfee.ch\/fr\/wp-json\/wp\/v2\/pages\/179\/revisions\/248"}],"wp:attachment":[{"href":"https:\/\/www.auriga-saasfee.ch\/fr\/wp-json\/wp\/v2\/media?parent=179"}],"curies":[{"name":"wp","href":"https:\/\/api.w.org\/{rel}","templated":true}]}}