{"id":179,"date":"2017-11-02T10:16:01","date_gmt":"2017-11-02T09:16:01","guid":{"rendered":"http:\/\/aurigasa.cyon.link\/webpage\/?page_id=179"},"modified":"2017-11-18T22:05:00","modified_gmt":"2017-11-18T21:05:00","slug":"impressum","status":"publish","type":"page","link":"https:\/\/www.auriga-saasfee.ch\/en\/impressum\/","title":{"rendered":"Impressum"},"content":{"rendered":"<h1 class=\"page_title\">Impressum<\/h1>\n<div class=\"one_fourth\">\n<h3><span id=\"result_box\" class=\"short_text\" lang=\"en\"><span class=\"\">Responsible for the content:<\/span><\/span><\/h3>\n<p>Mrs<br \/>\nIrmgard Zurbriggen<br \/>\nAuriga Ferienwohnungen<br \/>\nDorfstrasse 20<br \/>\n3906 Saas-Fee<br \/>\nSchweiz<\/p>\n<p>E-Mail: info@auriga-saasfee.ch<br \/>\nTelephone: 0041 (0)27 957 18 82<br \/>\nMobile: 0041 (0)79 561 46 09<\/p>\n<\/div>\n<div class=\"one_fourth last\">\n<h3><span id=\"result_box\" class=\"short_text\" lang=\"en\"><span class=\"\">Web design, web development and hosting<\/span><\/span>:<\/h3>\n<p>Valpix GmbH<br \/>\nKehrstrasse 12<br \/>\n3904 Naters<\/p>\n<p><a href=\"mailto:info@valpix.ch\">info@valpix.ch<\/a><br \/>\n<a href=\"https:\/\/www.valpix.ch\" target=\"_blank\" rel=\"noopener\">www.valpix.ch<\/a><\/p>\n<\/div>\n<h3><span id=\"result_box\" class=\"\" lang=\"en\"><span class=\"\">Disclaimer<\/span><\/span><\/h3>\n<p><span id=\"result_box\" class=\"\" lang=\"en\"><span class=\"\">The author reserves the right not to be responsible for the accuracy, accuracy, timeliness, reliability and completeness of the information.<\/span><\/span><\/p>\n<p><span class=\"\">Liability claims against the author due to material or immaterial damage resulting from the access or use or non-use of the published information, through misuse of the connection or due to technical faults are excluded.<\/span><\/p>\n<p><span class=\"\">All offers are without obligation.<\/span> <span class=\"\">The author expressly reserves the right to change, supplement or delete parts of the pages or the entire offer without prior notice or to cease publication temporarily or permanently.<\/span><\/p>\n<h3><span id=\"result_box\" class=\"\" lang=\"en\"><span class=\"\">Liability for links<\/span><\/span><\/h3>\n<p><span id=\"result_box\" class=\"\" lang=\"en\"><span class=\"\">References and links to third party websites are beyond our responsibility. Any responsibility for such websites is disclaimed.<\/span> <span class=\"\">The access and use of such websites are at the user&#8217;s own risk.<\/span><\/span><\/p>\n<h3><span id=\"result_box\" class=\"\" lang=\"en\"><span class=\"\">Copyrights<\/span><\/span><\/h3>\n<p><span id=\"result_box\" class=\"\" lang=\"en\">The copyright and all other rights to content, images, photos or other files on the website belong exclusively to the <strong>company Auriga Ferienwohnungen<\/strong> or the specifically named rights holders. For the reproduction of any elements, the written consent of the copyright holders must be obtained in advance.<\/span><\/p>\n<h3><span id=\"result_box\" class=\"\" lang=\"en\"><span class=\"\">Data protection<\/span><\/span><\/h3>\n<p><span id=\"result_box\" class=\"\" lang=\"en\">Based on Article 13 of the Swiss Federal Constitution and the data protection regulations of the Federal Government (Data Protection Act, DSG), every person is entitled to protection of their privacy as well as protection against misuse of their personal data. We comply with these terms. Personal data will be kept strictly confidential and will not be sold or passed on to third parties.<\/span><\/p>\n<h3><span id=\"result_box\" class=\"\" lang=\"en\"><span title=\"Datenschutzerkl\u00e4rung f\u00fcr die Nutzung von Google Analytics \">Privacy Policy for the use of Google Analytics<\/span><\/span><\/h3>\n<p><span id=\"result_box\" class=\"\" lang=\"en\"><span title=\"Datenschutzerkl\u00e4rung f\u00fcr die Nutzung von Google Analytics \"><span title=\"Diese Website benutzt Google Analytics, einen Webanalysedienst der Google Inc. (\u201cGoogle\u201d).\">This website uses Google Analytics, a web analytics service provided by Google Inc. (&#8220;Google&#8221;). <\/span><span title=\"Google Analytics verwendet sog. \u201cCookies\u201d, Textdateien, die auf Ihrem Computer gespeichert werden und die eine Analyse der Benutzung der Website durch Sie erm\u00f6glichen.\">Google Analytics uses so-called &#8220;cookies&#8221;, text files that are stored on your computer and that allow an analysis of the use of the website by you. <\/span><span title=\"Die durch den Cookie erzeugten Informationen \u00fcber Ihre Benutzung dieser Website werden in der Regel an einen Server von Google in den USA \u00fcbertragen und dort gespeichert.\">The information generated by the cookie about your use of this website is usually transmitted to a Google server in the USA and stored there. <\/span><span title=\"Im Falle der Aktivierung der IP-Anonymisierung auf dieser Webseite wird Ihre IP-Adresse von Google jedoch innerhalb von Mitgliedstaaten der Europ\u00e4ischen Union oder in anderen Vertragsstaaten des Abkommens \u00fcber den Europ\u00e4ischen Wirtschaftsraum zuvor gek\u00fcrzt. \">However, if IP anonymisation is activated on this website, your IP address will be shortened by Google beforehand within member states of the European Union or other parties to the Agreement on the European Economic Area.<\/span><\/span><\/span><\/p>\n<p><span title=\"Nur in Ausnahmef\u00e4llen wird die volle IP-Adresse an einen Server von Google in den USA \u00fcbertragen und dort gek\u00fcrzt.\">Only in exceptional cases will the full IP address be sent to a Google server in the US and shortened there. <\/span><span title=\"Google wird diese Informationen benutzen, um Ihre Nutzung der Website auszuwerten, um Reports \u00fcber die Websiteaktivit\u00e4ten f\u00fcr die Websitebetreiber zusammenzustellen und um weitere mit der Websitenutzung und der Internetnutzung verbundene Dienstleistungen zu erbringen.\">Google will use this information to evaluate your use of the website, to compile reports on website activity for website operators and to provide other services related to website activity and internet usage. <\/span><span title=\"Auch wird Google diese Informationen gegebenenfalls an Dritte \u00fcbertragen, sofern dies gesetzlich vorgeschrieben oder soweit Dritte diese Daten im Auftrag von Google verarbeiten.\">Google may also transfer this information to third parties if required by law or as far as third parties process this data on behalf of Google. <\/span><span title=\"Die im Rahmen von Google Analytics von Ihrem Browser \u00fcbermittelte IP-Adresse wird nicht mit anderen Daten von Google zusammengef\u00fchrt. \">The IP address provided by Google Analytics as part of Google Analytics will not be merged with other Google data.<\/span><\/p>\n<p><span title=\"Sie k\u00f6nnen die Installation der Cookies durch eine entsprechende Einstellung Ihrer Browser Software verhindern;\">You can prevent the installation of cookies by setting your browser software accordingly; <\/span><span title=\"wir weisen Sie jedoch darauf hin, dass Sie in diesem Fall gegebenenfalls nicht s\u00e4mtliche Funktionen dieser Website voll umf\u00e4nglich nutzen k\u00f6nnen.\">However, please be aware that in this case you may not be able to fully use all the features of this website. <\/span><span title=\"Durch die Nutzung dieser Website erkl\u00e4ren Sie sich mit der Bearbeitung der \u00fcber Sie erhobenen Daten durch Google in der zuvor beschriebenen Art und Weise und zu dem zuvor benannten Zweck einverstanden.\">By using this website, you consent to the processing of data about you by Google in the manner and for the purposes set out above.<\/span><\/p>\n<p>&nbsp;<\/p>\n","protected":false},"excerpt":{"rendered":"<p>Impressum Responsible for the content: Mrs Irmgard Zurbriggen Auriga Ferienwohnungen Dorfstrasse 20 3906 Saas-Fee Schweiz E-Mail: info@auriga-saasfee.ch Telephone: 0041 (0)27 957 18 82 Mobile: 0041 [&hellip;]<\/p>\n","protected":false},"author":1,"featured_media":0,"parent":0,"menu_order":0,"comment_status":"closed","ping_status":"closed","template":"","meta":{"_acf_changed":false,"footnotes":""},"class_list":["post-179","page","type-page","status-publish","hentry"],"translation":{"provider":"WPGlobus","version":"3.0.2","language":"en","enabled_languages":["de","en","fr"],"languages":{"de":{"title":true,"content":true,"excerpt":false},"en":{"title":true,"content":true,"excerpt":false},"fr":{"title":true,"content":true,"excerpt":false}}},"acf":[],"yoast_head":"<!-- This site is optimized with the Yoast SEO plugin v27.3 - https:\/\/yoast.com\/product\/yoast-seo-wordpress\/ -->\n<title>Impressum - Auriga Ferienwohnungen Saas-Fee<\/title>\n<meta name=\"robots\" content=\"index, follow, max-snippet:-1, max-image-preview:large, max-video-preview:-1\" \/>\n<link rel=\"canonical\" href=\"https:\/\/www.auriga-saasfee.ch\/fr\/impressum\/\" \/>\n<meta property=\"og:locale\" content=\"en_US\" \/>\n<meta property=\"og:type\" content=\"article\" \/>\n<meta property=\"og:title\" content=\"Impressum - Auriga Ferienwohnungen Saas-Fee\" \/>\n<meta property=\"og:url\" content=\"https:\/\/www.auriga-saasfee.ch\/fr\/impressum\/\" \/>\n<meta property=\"og:site_name\" content=\"Auriga Ferienwohnungen Saas-Fee\" \/>\n<meta property=\"article:modified_time\" content=\"2017-11-18T21:05:00+00:00\" \/>\n<meta name=\"twitter:card\" content=\"summary_large_image\" \/>\n<meta name=\"twitter:label1\" content=\"Est. reading time\" \/>\n\t<meta name=\"twitter:data1\" content=\"9 minutes\" \/>\n<script type=\"application\/ld+json\" class=\"yoast-schema-graph\">{\"@context\":\"https:\\\/\\\/schema.org\",\"@graph\":[{\"@type\":\"WebPage\",\"@id\":\"https:\\\/\\\/www.auriga-saasfee.ch\\\/fr\\\/impressum\\\/\",\"url\":\"https:\\\/\\\/www.auriga-saasfee.ch\\\/fr\\\/impressum\\\/\",\"name\":\"Impressum - Auriga Ferienwohnungen Saas-Fee\",\"isPartOf\":{\"@id\":\"https:\\\/\\\/www.auriga-saasfee.ch\\\/#website\"},\"datePublished\":\"2017-11-02T09:16:01+00:00\",\"dateModified\":\"2017-11-18T21:05:00+00:00\",\"description\":\"Impressum\",\"breadcrumb\":{\"@id\":\"https:\\\/\\\/www.auriga-saasfee.ch\\\/fr\\\/impressum\\\/#breadcrumb\"},\"inLanguage\":\"en-US\",\"potentialAction\":[{\"@type\":\"ReadAction\",\"target\":[\"https:\\\/\\\/www.auriga-saasfee.ch\\\/fr\\\/impressum\\\/\"]}]},{\"@type\":\"BreadcrumbList\",\"@id\":\"https:\\\/\\\/www.auriga-saasfee.ch\\\/fr\\\/impressum\\\/#breadcrumb\",\"itemListElement\":[{\"@type\":\"ListItem\",\"position\":1,\"name\":\"Startseite\",\"item\":\"https:\\\/\\\/www.auriga-saasfee.ch\\\/\"},{\"@type\":\"ListItem\",\"position\":2,\"name\":\"Impressum\"}]},{\"@type\":\"WebSite\",\"@id\":\"https:\\\/\\\/www.auriga-saasfee.ch\\\/#website\",\"url\":\"https:\\\/\\\/www.auriga-saasfee.ch\\\/\",\"name\":\"Auriga Ferienwohnungen Saas-Fee\",\"description\":\"Auriga Ferienwohnungen Saas-Fee\",\"potentialAction\":[{\"@type\":\"SearchAction\",\"target\":{\"@type\":\"EntryPoint\",\"urlTemplate\":\"https:\\\/\\\/www.auriga-saasfee.ch\\\/?s={search_term_string}\"},\"query-input\":{\"@type\":\"PropertyValueSpecification\",\"valueRequired\":true,\"valueName\":\"search_term_string\"}}],\"inLanguage\":\"en-US\"}]}<\/script>\n<!-- \/ Yoast SEO plugin. -->","yoast_head_json":{"title":"Impressum - Auriga Ferienwohnungen Saas-Fee","robots":{"index":"index","follow":"follow","max-snippet":"max-snippet:-1","max-image-preview":"max-image-preview:large","max-video-preview":"max-video-preview:-1"},"canonical":"https:\/\/www.auriga-saasfee.ch\/fr\/impressum\/","og_locale":"en_US","og_type":"article","og_title":"Impressum - Auriga Ferienwohnungen Saas-Fee","og_url":"https:\/\/www.auriga-saasfee.ch\/fr\/impressum\/","og_site_name":"Auriga Ferienwohnungen Saas-Fee","article_modified_time":"2017-11-18T21:05:00+00:00","twitter_card":"summary_large_image","twitter_misc":{"Est. reading time":"9 minutes"},"schema":{"@context":"https:\/\/schema.org","@graph":[{"@type":"WebPage","@id":"https:\/\/www.auriga-saasfee.ch\/fr\/impressum\/","url":"https:\/\/www.auriga-saasfee.ch\/fr\/impressum\/","name":"Impressum - Auriga Ferienwohnungen Saas-Fee","isPartOf":{"@id":"https:\/\/www.auriga-saasfee.ch\/#website"},"datePublished":"2017-11-02T09:16:01+00:00","dateModified":"2017-11-18T21:05:00+00:00","description":"Impressum","breadcrumb":{"@id":"https:\/\/www.auriga-saasfee.ch\/fr\/impressum\/#breadcrumb"},"inLanguage":"en-US","potentialAction":[{"@type":"ReadAction","target":["https:\/\/www.auriga-saasfee.ch\/fr\/impressum\/"]}]},{"@type":"BreadcrumbList","@id":"https:\/\/www.auriga-saasfee.ch\/fr\/impressum\/#breadcrumb","itemListElement":[{"@type":"ListItem","position":1,"name":"Startseite","item":"https:\/\/www.auriga-saasfee.ch\/"},{"@type":"ListItem","position":2,"name":"Impressum"}]},{"@type":"WebSite","@id":"https:\/\/www.auriga-saasfee.ch\/#website","url":"https:\/\/www.auriga-saasfee.ch\/","name":"Auriga Ferienwohnungen Saas-Fee","description":"Auriga Ferienwohnungen Saas-Fee","potentialAction":[{"@type":"SearchAction","target":{"@type":"EntryPoint","urlTemplate":"https:\/\/www.auriga-saasfee.ch\/?s={search_term_string}"},"query-input":{"@type":"PropertyValueSpecification","valueRequired":true,"valueName":"search_term_string"}}],"inLanguage":"en-US"}]}},"_links":{"self":[{"href":"https:\/\/www.auriga-saasfee.ch\/en\/wp-json\/wp\/v2\/pages\/179","targetHints":{"allow":["GET"]}}],"collection":[{"href":"https:\/\/www.auriga-saasfee.ch\/en\/wp-json\/wp\/v2\/pages"}],"about":[{"href":"https:\/\/www.auriga-saasfee.ch\/en\/wp-json\/wp\/v2\/types\/page"}],"author":[{"embeddable":true,"href":"https:\/\/www.auriga-saasfee.ch\/en\/wp-json\/wp\/v2\/users\/1"}],"replies":[{"embeddable":true,"href":"https:\/\/www.auriga-saasfee.ch\/en\/wp-json\/wp\/v2\/comments?post=179"}],"version-history":[{"count":3,"href":"https:\/\/www.auriga-saasfee.ch\/en\/wp-json\/wp\/v2\/pages\/179\/revisions"}],"predecessor-version":[{"id":248,"href":"https:\/\/www.auriga-saasfee.ch\/en\/wp-json\/wp\/v2\/pages\/179\/revisions\/248"}],"wp:attachment":[{"href":"https:\/\/www.auriga-saasfee.ch\/en\/wp-json\/wp\/v2\/media?parent=179"}],"curies":[{"name":"wp","href":"https:\/\/api.w.org\/{rel}","templated":true}]}}